{"id":168,"date":"2025-10-03T10:40:18","date_gmt":"2025-10-03T15:40:18","guid":{"rendered":"https:\/\/www.supergana.com\/go\/?page_id=168"},"modified":"2026-03-27T16:39:04","modified_gmt":"2026-03-27T21:39:04","slug":"invest","status":"publish","type":"page","link":"https:\/\/www.supergana.com\/go\/invest\/","title":{"rendered":"Inversiones"},"content":{"rendered":"","protected":false},"excerpt":{"rendered":"","protected":false},"author":1,"featured_media":182,"parent":0,"menu_order":0,"comment_status":"open","ping_status":"closed","template":"","meta":{"inline_featured_image":false,"_noindex_seo_override":1,"_noindex_seo_noindex":1,"_noindex_seo_nofollow":1,"_noindex_seo_noarchive":1,"_noindex_seo_nosnippet":1,"_noindex_seo_noimageindex":1,"footnotes":""},"class_list":["post-168","page","type-page","status-publish","has-post-thumbnail","hentry"],"yoast_head":"<!-- This site is optimized with the Yoast SEO plugin v27.2 - https:\/\/yoast.com\/product\/yoast-seo-wordpress\/ -->\n<title>Fondo de Inversi\u00f3n Privado<\/title>\n<meta name=\"description\" content=\"Deja de guardar billetes bajo el colch\u00f3n: nuestro fondo de inversi\u00f3n hace que tu dinero trabaje mientras t\u00fa sigues viendo Netflix sin culpa.\" \/>\n<meta name=\"robots\" content=\"index, follow, max-snippet:-1, max-image-preview:large, max-video-preview:-1\" \/>\n<link rel=\"canonical\" href=\"https:\/\/www.supergana.com\/go\/invest\/\" \/>\n<meta property=\"og:locale\" content=\"es_ES\" \/>\n<meta property=\"og:type\" content=\"article\" \/>\n<meta property=\"og:title\" content=\"Fondo de Inversi\u00f3n Privado\" \/>\n<meta property=\"og:description\" content=\"Deja de guardar billetes bajo el colch\u00f3n: nuestro fondo de inversi\u00f3n hace que tu dinero trabaje mientras t\u00fa sigues viendo Netflix sin culpa.\" \/>\n<meta property=\"og:url\" content=\"https:\/\/www.supergana.com\/go\/invest\/\" \/>\n<meta property=\"og:site_name\" content=\"IA para Trading de Opciones Binarias\" \/>\n<meta property=\"article:modified_time\" content=\"2026-03-27T21:39:04+00:00\" \/>\n<meta property=\"og:image\" content=\"https:\/\/www.supergana.com\/go\/wp-content\/uploads\/2025\/10\/go-imagen.jpg\" \/>\n\t<meta property=\"og:image:width\" content=\"600\" \/>\n\t<meta property=\"og:image:height\" content=\"600\" \/>\n\t<meta property=\"og:image:type\" content=\"image\/jpeg\" \/>\n<meta name=\"twitter:card\" content=\"summary_large_image\" \/>\n<meta name=\"twitter:label1\" content=\"Tiempo de lectura\" \/>\n\t<meta name=\"twitter:data1\" content=\"1 minuto\" \/>\n<script type=\"application\/ld+json\" class=\"yoast-schema-graph\">{\"@context\":\"https:\/\/schema.org\",\"@graph\":[{\"@type\":\"WebPage\",\"@id\":\"https:\/\/www.supergana.com\/go\/invest\/\",\"url\":\"https:\/\/www.supergana.com\/go\/invest\/\",\"name\":\"Fondo de Inversi\u00f3n Privado\",\"isPartOf\":{\"@id\":\"https:\/\/www.supergana.com\/go\/#website\"},\"primaryImageOfPage\":{\"@id\":\"https:\/\/www.supergana.com\/go\/invest\/#primaryimage\"},\"image\":{\"@id\":\"https:\/\/www.supergana.com\/go\/invest\/#primaryimage\"},\"thumbnailUrl\":\"https:\/\/www.supergana.com\/go\/wp-content\/uploads\/2025\/10\/go-imagen.jpg\",\"datePublished\":\"2025-10-03T15:40:18+00:00\",\"dateModified\":\"2026-03-27T21:39:04+00:00\",\"description\":\"Deja de guardar billetes bajo el colch\u00f3n: nuestro fondo de inversi\u00f3n hace que tu dinero trabaje mientras t\u00fa sigues viendo Netflix sin culpa.\",\"breadcrumb\":{\"@id\":\"https:\/\/www.supergana.com\/go\/invest\/#breadcrumb\"},\"inLanguage\":\"es-CO\",\"potentialAction\":[{\"@type\":\"ReadAction\",\"target\":[\"https:\/\/www.supergana.com\/go\/invest\/\"]}]},{\"@type\":\"ImageObject\",\"inLanguage\":\"es-CO\",\"@id\":\"https:\/\/www.supergana.com\/go\/invest\/#primaryimage\",\"url\":\"https:\/\/www.supergana.com\/go\/wp-content\/uploads\/2025\/10\/go-imagen.jpg\",\"contentUrl\":\"https:\/\/www.supergana.com\/go\/wp-content\/uploads\/2025\/10\/go-imagen.jpg\",\"width\":600,\"height\":600},{\"@type\":\"BreadcrumbList\",\"@id\":\"https:\/\/www.supergana.com\/go\/invest\/#breadcrumb\",\"itemListElement\":[{\"@type\":\"ListItem\",\"position\":1,\"name\":\"Inicio\",\"item\":\"https:\/\/www.supergana.com\/go\/\"},{\"@type\":\"ListItem\",\"position\":2,\"name\":\"Inversiones\"}]},{\"@type\":\"WebSite\",\"@id\":\"https:\/\/www.supergana.com\/go\/#website\",\"url\":\"https:\/\/www.supergana.com\/go\/\",\"name\":\"IA de Se\u00f1ales de Opciones Binarias en Vivo\",\"description\":\"\",\"publisher\":{\"@id\":\"https:\/\/www.supergana.com\/go\/#organization\"},\"potentialAction\":[{\"@type\":\"SearchAction\",\"target\":{\"@type\":\"EntryPoint\",\"urlTemplate\":\"https:\/\/www.supergana.com\/go\/?s={search_term_string}\"},\"query-input\":{\"@type\":\"PropertyValueSpecification\",\"valueRequired\":true,\"valueName\":\"search_term_string\"}}],\"inLanguage\":\"es-CO\"},{\"@type\":\"Organization\",\"@id\":\"https:\/\/www.supergana.com\/go\/#organization\",\"name\":\"IA de Se\u00f1ales de Opciones Binarias en Vivo\",\"url\":\"https:\/\/www.supergana.com\/go\/\",\"logo\":{\"@type\":\"ImageObject\",\"inLanguage\":\"es-CO\",\"@id\":\"https:\/\/www.supergana.com\/go\/#\/schema\/logo\/image\/\",\"url\":\"https:\/\/www.supergana.com\/go\/wp-content\/uploads\/2026\/03\/Diseno-sin-titulo-10.png\",\"contentUrl\":\"https:\/\/www.supergana.com\/go\/wp-content\/uploads\/2026\/03\/Diseno-sin-titulo-10.png\",\"width\":500,\"height\":500,\"caption\":\"IA de Se\u00f1ales de Opciones Binarias en Vivo\"},\"image\":{\"@id\":\"https:\/\/www.supergana.com\/go\/#\/schema\/logo\/image\/\"},\"sameAs\":[\"https:\/\/www.instagram.com\/superganaco\/\",\"https:\/\/www.youtube.com\/@SuperGana\/\"]}]}<\/script>\n<!-- \/ Yoast SEO plugin. -->","yoast_head_json":{"title":"Fondo de Inversi\u00f3n Privado","description":"Deja de guardar billetes bajo el colch\u00f3n: nuestro fondo de inversi\u00f3n hace que tu dinero trabaje mientras t\u00fa sigues viendo Netflix sin culpa.","robots":{"index":"index","follow":"follow","max-snippet":"max-snippet:-1","max-image-preview":"max-image-preview:large","max-video-preview":"max-video-preview:-1"},"canonical":"https:\/\/www.supergana.com\/go\/invest\/","og_locale":"es_ES","og_type":"article","og_title":"Fondo de Inversi\u00f3n Privado","og_description":"Deja de guardar billetes bajo el colch\u00f3n: nuestro fondo de inversi\u00f3n hace que tu dinero trabaje mientras t\u00fa sigues viendo Netflix sin culpa.","og_url":"https:\/\/www.supergana.com\/go\/invest\/","og_site_name":"IA para Trading de Opciones Binarias","article_modified_time":"2026-03-27T21:39:04+00:00","og_image":[{"width":600,"height":600,"url":"https:\/\/www.supergana.com\/go\/wp-content\/uploads\/2025\/10\/go-imagen.jpg","type":"image\/jpeg"}],"twitter_card":"summary_large_image","twitter_misc":{"Tiempo de lectura":"1 minuto"},"schema":{"@context":"https:\/\/schema.org","@graph":[{"@type":"WebPage","@id":"https:\/\/www.supergana.com\/go\/invest\/","url":"https:\/\/www.supergana.com\/go\/invest\/","name":"Fondo de Inversi\u00f3n Privado","isPartOf":{"@id":"https:\/\/www.supergana.com\/go\/#website"},"primaryImageOfPage":{"@id":"https:\/\/www.supergana.com\/go\/invest\/#primaryimage"},"image":{"@id":"https:\/\/www.supergana.com\/go\/invest\/#primaryimage"},"thumbnailUrl":"https:\/\/www.supergana.com\/go\/wp-content\/uploads\/2025\/10\/go-imagen.jpg","datePublished":"2025-10-03T15:40:18+00:00","dateModified":"2026-03-27T21:39:04+00:00","description":"Deja de guardar billetes bajo el colch\u00f3n: nuestro fondo de inversi\u00f3n hace que tu dinero trabaje mientras t\u00fa sigues viendo Netflix sin culpa.","breadcrumb":{"@id":"https:\/\/www.supergana.com\/go\/invest\/#breadcrumb"},"inLanguage":"es-CO","potentialAction":[{"@type":"ReadAction","target":["https:\/\/www.supergana.com\/go\/invest\/"]}]},{"@type":"ImageObject","inLanguage":"es-CO","@id":"https:\/\/www.supergana.com\/go\/invest\/#primaryimage","url":"https:\/\/www.supergana.com\/go\/wp-content\/uploads\/2025\/10\/go-imagen.jpg","contentUrl":"https:\/\/www.supergana.com\/go\/wp-content\/uploads\/2025\/10\/go-imagen.jpg","width":600,"height":600},{"@type":"BreadcrumbList","@id":"https:\/\/www.supergana.com\/go\/invest\/#breadcrumb","itemListElement":[{"@type":"ListItem","position":1,"name":"Inicio","item":"https:\/\/www.supergana.com\/go\/"},{"@type":"ListItem","position":2,"name":"Inversiones"}]},{"@type":"WebSite","@id":"https:\/\/www.supergana.com\/go\/#website","url":"https:\/\/www.supergana.com\/go\/","name":"IA de Se\u00f1ales de Opciones Binarias en Vivo","description":"","publisher":{"@id":"https:\/\/www.supergana.com\/go\/#organization"},"potentialAction":[{"@type":"SearchAction","target":{"@type":"EntryPoint","urlTemplate":"https:\/\/www.supergana.com\/go\/?s={search_term_string}"},"query-input":{"@type":"PropertyValueSpecification","valueRequired":true,"valueName":"search_term_string"}}],"inLanguage":"es-CO"},{"@type":"Organization","@id":"https:\/\/www.supergana.com\/go\/#organization","name":"IA de Se\u00f1ales de Opciones Binarias en Vivo","url":"https:\/\/www.supergana.com\/go\/","logo":{"@type":"ImageObject","inLanguage":"es-CO","@id":"https:\/\/www.supergana.com\/go\/#\/schema\/logo\/image\/","url":"https:\/\/www.supergana.com\/go\/wp-content\/uploads\/2026\/03\/Diseno-sin-titulo-10.png","contentUrl":"https:\/\/www.supergana.com\/go\/wp-content\/uploads\/2026\/03\/Diseno-sin-titulo-10.png","width":500,"height":500,"caption":"IA de Se\u00f1ales de Opciones Binarias en Vivo"},"image":{"@id":"https:\/\/www.supergana.com\/go\/#\/schema\/logo\/image\/"},"sameAs":["https:\/\/www.instagram.com\/superganaco\/","https:\/\/www.youtube.com\/@SuperGana\/"]}]}},"_links":{"self":[{"href":"https:\/\/www.supergana.com\/go\/wp-json\/wp\/v2\/pages\/168","targetHints":{"allow":["GET"]}}],"collection":[{"href":"https:\/\/www.supergana.com\/go\/wp-json\/wp\/v2\/pages"}],"about":[{"href":"https:\/\/www.supergana.com\/go\/wp-json\/wp\/v2\/types\/page"}],"author":[{"embeddable":true,"href":"https:\/\/www.supergana.com\/go\/wp-json\/wp\/v2\/users\/1"}],"replies":[{"embeddable":true,"href":"https:\/\/www.supergana.com\/go\/wp-json\/wp\/v2\/comments?post=168"}],"version-history":[{"count":1,"href":"https:\/\/www.supergana.com\/go\/wp-json\/wp\/v2\/pages\/168\/revisions"}],"predecessor-version":[{"id":169,"href":"https:\/\/www.supergana.com\/go\/wp-json\/wp\/v2\/pages\/168\/revisions\/169"}],"wp:featuredmedia":[{"embeddable":true,"href":"https:\/\/www.supergana.com\/go\/wp-json\/wp\/v2\/media\/182"}],"wp:attachment":[{"href":"https:\/\/www.supergana.com\/go\/wp-json\/wp\/v2\/media?parent=168"}],"curies":[{"name":"wp","href":"https:\/\/api.w.org\/{rel}","templated":true}]}}